{"id":1876,"date":"2024-02-26T21:42:27","date_gmt":"2024-02-26T21:42:27","guid":{"rendered":"https:\/\/hummusbar.eu\/franchise-pl\/"},"modified":"2024-03-04T22:18:12","modified_gmt":"2024-03-04T22:18:12","slug":"franchise","status":"publish","type":"page","link":"https:\/\/hummusbar.eu\/pl\/franchise\/","title":{"rendered":"Franczyza"},"content":{"rendered":"<div id=\"cs-content\" class=\"cs-content\"><\/div>\n","protected":false},"excerpt":{"rendered":"<p>franczyza Do\u0142\u0105cz do naszej rodzinyJako sie\u0107, nasza koncepcja i marka nie istnieje nigdzie na \u015bwiecie, wi\u0119c wiemy, \u017ce robimy co\u015b wyj\u0105tkowego. Opracowali\u015bmy wszystkie potrzebne systemy logistyczne i operacyjne i stale si\u0119 rozwijamy. Mamy ju\u017c partner&oacute;w franczyzowych na W\u0119grzech, w Bratys\u0142awie, Sofii i Lizbonie. Do\u0142\u0105cz do naszej misji dzielenia si\u0119 naszym jedzeniem i filozofi\u0105 z wi\u0119ksz\u0105 liczb\u0105 os&oacute;b w wi\u0119kszej liczbie &#8230; <\/p>\n<div><a href=\"https:\/\/hummusbar.eu\/pl\/franchise\/\" class=\"more-link\">Read More<\/a><\/div>\n","protected":false},"author":7,"featured_media":0,"parent":0,"menu_order":0,"comment_status":"closed","ping_status":"closed","template":"template-blank-4.php","meta":{"content-type":"","_monsterinsights_skip_tracking":false,"_monsterinsights_sitenote_active":false,"_monsterinsights_sitenote_note":"","_monsterinsights_sitenote_category":0,"footnotes":""},"class_list":["post-1876","page","type-page","status-publish","hentry","no-post-thumbnail"],"yoast_head":"<!-- This site is optimized with the Yoast SEO plugin v26.9 - https:\/\/yoast.com\/product\/yoast-seo-wordpress\/ -->\n<title>Franczyza - hummusbar<\/title>\n<meta name=\"robots\" content=\"index, follow, max-snippet:-1, max-image-preview:large, max-video-preview:-1\" \/>\n<link rel=\"canonical\" href=\"https:\/\/hummusbar.eu\/pl\/franchise\/\" \/>\n<meta property=\"og:locale\" content=\"pl_PL\" \/>\n<meta property=\"og:type\" content=\"article\" \/>\n<meta property=\"og:title\" content=\"Franczyza - hummusbar\" \/>\n<meta property=\"og:description\" content=\"franczyza Do\u0142\u0105cz do naszej rodzinyJako sie\u0107, nasza koncepcja i marka nie istnieje nigdzie na \u015bwiecie, wi\u0119c wiemy, \u017ce robimy co\u015b wyj\u0105tkowego. Opracowali\u015bmy wszystkie potrzebne systemy logistyczne i operacyjne i stale si\u0119 rozwijamy. Mamy ju\u017c partner&oacute;w franczyzowych na W\u0119grzech, w Bratys\u0142awie, Sofii i Lizbonie. Do\u0142\u0105cz do naszej misji dzielenia si\u0119 naszym jedzeniem i filozofi\u0105 z wi\u0119ksz\u0105 liczb\u0105 os&oacute;b w wi\u0119kszej liczbie ... Read More\" \/>\n<meta property=\"og:url\" content=\"https:\/\/hummusbar.eu\/pl\/franchise\/\" \/>\n<meta property=\"og:site_name\" content=\"hummusbar\" \/>\n<meta property=\"article:publisher\" content=\"https:\/\/www.facebook.com\/hummusbarofficial\" \/>\n<meta property=\"article:modified_time\" content=\"2024-03-04T22:18:12+00:00\" \/>\n<meta name=\"twitter:card\" content=\"summary_large_image\" \/>\n<meta name=\"twitter:label1\" content=\"Est. reading time\" \/>\n\t<meta name=\"twitter:data1\" content=\"7 minutes\" \/>\n<script type=\"application\/ld+json\" class=\"yoast-schema-graph\">{\"@context\":\"https:\/\/schema.org\",\"@graph\":[{\"@type\":\"WebPage\",\"@id\":\"https:\/\/hummusbar.eu\/pl\/franchise\/\",\"url\":\"https:\/\/hummusbar.eu\/pl\/franchise\/\",\"name\":\"Franczyza - hummusbar\",\"isPartOf\":{\"@id\":\"https:\/\/hummusbar.eu\/#website\"},\"datePublished\":\"2024-02-26T21:42:27+00:00\",\"dateModified\":\"2024-03-04T22:18:12+00:00\",\"breadcrumb\":{\"@id\":\"https:\/\/hummusbar.eu\/pl\/franchise\/#breadcrumb\"},\"inLanguage\":\"pl-PL\",\"potentialAction\":[{\"@type\":\"ReadAction\",\"target\":[\"https:\/\/hummusbar.eu\/pl\/franchise\/\"]}]},{\"@type\":\"BreadcrumbList\",\"@id\":\"https:\/\/hummusbar.eu\/pl\/franchise\/#breadcrumb\",\"itemListElement\":[{\"@type\":\"ListItem\",\"position\":1,\"name\":\"Home\",\"item\":\"https:\/\/hummusbar.eu\/hu\/\"},{\"@type\":\"ListItem\",\"position\":2,\"name\":\"Franczyza\"}]},{\"@type\":\"WebSite\",\"@id\":\"https:\/\/hummusbar.eu\/#website\",\"url\":\"https:\/\/hummusbar.eu\/\",\"name\":\"hummusbar\",\"description\":\"Handmade - heartfelt\",\"publisher\":{\"@id\":\"https:\/\/hummusbar.eu\/#organization\"},\"potentialAction\":[{\"@type\":\"SearchAction\",\"target\":{\"@type\":\"EntryPoint\",\"urlTemplate\":\"https:\/\/hummusbar.eu\/?s={search_term_string}\"},\"query-input\":{\"@type\":\"PropertyValueSpecification\",\"valueRequired\":true,\"valueName\":\"search_term_string\"}}],\"inLanguage\":\"pl-PL\"},{\"@type\":\"Organization\",\"@id\":\"https:\/\/hummusbar.eu\/#organization\",\"name\":\"hummusbar\",\"url\":\"https:\/\/hummusbar.eu\/\",\"logo\":{\"@type\":\"ImageObject\",\"inLanguage\":\"pl-PL\",\"@id\":\"https:\/\/hummusbar.eu\/#\/schema\/logo\/image\/\",\"url\":\"https:\/\/hummusbar.eu\/wp-content\/uploads\/2021\/03\/hummusbar_logos2.png\",\"contentUrl\":\"https:\/\/hummusbar.eu\/wp-content\/uploads\/2021\/03\/hummusbar_logos2.png\",\"width\":600,\"height\":600,\"caption\":\"hummusbar\"},\"image\":{\"@id\":\"https:\/\/hummusbar.eu\/#\/schema\/logo\/image\/\"},\"sameAs\":[\"https:\/\/www.facebook.com\/hummusbarofficial\"]}]}<\/script>\n<!-- \/ Yoast SEO plugin. -->","yoast_head_json":{"title":"Franczyza - hummusbar","robots":{"index":"index","follow":"follow","max-snippet":"max-snippet:-1","max-image-preview":"max-image-preview:large","max-video-preview":"max-video-preview:-1"},"canonical":"https:\/\/hummusbar.eu\/pl\/franchise\/","og_locale":"pl_PL","og_type":"article","og_title":"Franczyza - hummusbar","og_description":"franczyza Do\u0142\u0105cz do naszej rodzinyJako sie\u0107, nasza koncepcja i marka nie istnieje nigdzie na \u015bwiecie, wi\u0119c wiemy, \u017ce robimy co\u015b wyj\u0105tkowego. Opracowali\u015bmy wszystkie potrzebne systemy logistyczne i operacyjne i stale si\u0119 rozwijamy. Mamy ju\u017c partner&oacute;w franczyzowych na W\u0119grzech, w Bratys\u0142awie, Sofii i Lizbonie. Do\u0142\u0105cz do naszej misji dzielenia si\u0119 naszym jedzeniem i filozofi\u0105 z wi\u0119ksz\u0105 liczb\u0105 os&oacute;b w wi\u0119kszej liczbie ... Read More","og_url":"https:\/\/hummusbar.eu\/pl\/franchise\/","og_site_name":"hummusbar","article_publisher":"https:\/\/www.facebook.com\/hummusbarofficial","article_modified_time":"2024-03-04T22:18:12+00:00","twitter_card":"summary_large_image","twitter_misc":{"Est. reading time":"7 minutes"},"schema":{"@context":"https:\/\/schema.org","@graph":[{"@type":"WebPage","@id":"https:\/\/hummusbar.eu\/pl\/franchise\/","url":"https:\/\/hummusbar.eu\/pl\/franchise\/","name":"Franczyza - hummusbar","isPartOf":{"@id":"https:\/\/hummusbar.eu\/#website"},"datePublished":"2024-02-26T21:42:27+00:00","dateModified":"2024-03-04T22:18:12+00:00","breadcrumb":{"@id":"https:\/\/hummusbar.eu\/pl\/franchise\/#breadcrumb"},"inLanguage":"pl-PL","potentialAction":[{"@type":"ReadAction","target":["https:\/\/hummusbar.eu\/pl\/franchise\/"]}]},{"@type":"BreadcrumbList","@id":"https:\/\/hummusbar.eu\/pl\/franchise\/#breadcrumb","itemListElement":[{"@type":"ListItem","position":1,"name":"Home","item":"https:\/\/hummusbar.eu\/hu\/"},{"@type":"ListItem","position":2,"name":"Franczyza"}]},{"@type":"WebSite","@id":"https:\/\/hummusbar.eu\/#website","url":"https:\/\/hummusbar.eu\/","name":"hummusbar","description":"Handmade - heartfelt","publisher":{"@id":"https:\/\/hummusbar.eu\/#organization"},"potentialAction":[{"@type":"SearchAction","target":{"@type":"EntryPoint","urlTemplate":"https:\/\/hummusbar.eu\/?s={search_term_string}"},"query-input":{"@type":"PropertyValueSpecification","valueRequired":true,"valueName":"search_term_string"}}],"inLanguage":"pl-PL"},{"@type":"Organization","@id":"https:\/\/hummusbar.eu\/#organization","name":"hummusbar","url":"https:\/\/hummusbar.eu\/","logo":{"@type":"ImageObject","inLanguage":"pl-PL","@id":"https:\/\/hummusbar.eu\/#\/schema\/logo\/image\/","url":"https:\/\/hummusbar.eu\/wp-content\/uploads\/2021\/03\/hummusbar_logos2.png","contentUrl":"https:\/\/hummusbar.eu\/wp-content\/uploads\/2021\/03\/hummusbar_logos2.png","width":600,"height":600,"caption":"hummusbar"},"image":{"@id":"https:\/\/hummusbar.eu\/#\/schema\/logo\/image\/"},"sameAs":["https:\/\/www.facebook.com\/hummusbarofficial"]}]}},"_links":{"self":[{"href":"https:\/\/hummusbar.eu\/pl\/wp-json\/wp\/v2\/pages\/1876","targetHints":{"allow":["GET"]}}],"collection":[{"href":"https:\/\/hummusbar.eu\/pl\/wp-json\/wp\/v2\/pages"}],"about":[{"href":"https:\/\/hummusbar.eu\/pl\/wp-json\/wp\/v2\/types\/page"}],"author":[{"embeddable":true,"href":"https:\/\/hummusbar.eu\/pl\/wp-json\/wp\/v2\/users\/7"}],"replies":[{"embeddable":true,"href":"https:\/\/hummusbar.eu\/pl\/wp-json\/wp\/v2\/comments?post=1876"}],"version-history":[{"count":9,"href":"https:\/\/hummusbar.eu\/pl\/wp-json\/wp\/v2\/pages\/1876\/revisions"}],"predecessor-version":[{"id":2218,"href":"https:\/\/hummusbar.eu\/pl\/wp-json\/wp\/v2\/pages\/1876\/revisions\/2218"}],"wp:attachment":[{"href":"https:\/\/hummusbar.eu\/pl\/wp-json\/wp\/v2\/media?parent=1876"}],"curies":[{"name":"wp","href":"https:\/\/api.w.org\/{rel}","templated":true}]}}