{"id":957,"date":"2022-11-03T14:02:35","date_gmt":"2022-11-03T14:02:35","guid":{"rendered":"https:\/\/hummusbar.eu\/?page_id=957"},"modified":"2024-01-26T10:30:02","modified_gmt":"2024-01-26T10:30:02","slug":"szegedmenu","status":"publish","type":"page","link":"https:\/\/hummusbar.eu\/hu\/szegedmenu\/","title":{"rendered":"Szegedmenu"},"content":{"rendered":"<div id=\"cs-content\" class=\"cs-content\"><\/div>\n","protected":false},"excerpt":{"rendered":"<p>Magyar men\u00fc English menu Hamarosan Szegeden is. Olyan fog\u00e1sokat k\u00e9sz\u00edt\u00fcnk, amit vend\u00e9geink nem csak szeretnek, de vissza is j\u00e1rnak \u00e9rte. Friss, eg\u00e9szs\u00e9ges, laktat\u00f3 \u00e9teleink a veget\u00e1ri\u00e1nusok, a veg\u00e1nok \u00e9s a h\u00fasim\u00e1d\u00f3k \u00edzl\u00e9s\u00e9t is kiszolg\u00e1lj\u00e1k. \u0150szinte \u00edzek, h\u00e1zilag k\u00e9sz\u00edtve. Kell enn\u00e9l t\u00f6bb? N\u00e9zz be hozz\u00e1nk m\u00e9g ma \u00e9s k\u00f3stolj te is! hummus t\u00e1lak shakshuka pita szendvicsek laffa szendvicsek sal\u00e1t\u00e1k ropog\u00f3s falatok &#8230; <\/p>\n<div><a href=\"https:\/\/hummusbar.eu\/hu\/szegedmenu\/\" class=\"more-link\">Read More<\/a><\/div>\n","protected":false},"author":5,"featured_media":0,"parent":0,"menu_order":0,"comment_status":"closed","ping_status":"closed","template":"template-blank-4.php","meta":{"content-type":"","_monsterinsights_skip_tracking":false,"_monsterinsights_sitenote_active":false,"_monsterinsights_sitenote_note":"","_monsterinsights_sitenote_category":0,"footnotes":""},"class_list":["post-957","page","type-page","status-publish","hentry","no-post-thumbnail"],"yoast_head":"<!-- This site is optimized with the Yoast SEO plugin v26.9 - https:\/\/yoast.com\/product\/yoast-seo-wordpress\/ -->\n<title>Szegedmenu - hummusbar<\/title>\n<meta name=\"robots\" content=\"index, follow, max-snippet:-1, max-image-preview:large, max-video-preview:-1\" \/>\n<link rel=\"canonical\" href=\"https:\/\/hummusbar.eu\/hu\/szegedmenu\/\" \/>\n<meta property=\"og:locale\" content=\"hu_HU\" \/>\n<meta property=\"og:type\" content=\"article\" \/>\n<meta property=\"og:title\" content=\"Szegedmenu - hummusbar\" \/>\n<meta property=\"og:description\" content=\"Magyar men\u00fc English menu Hamarosan Szegeden is. Olyan fog\u00e1sokat k\u00e9sz\u00edt\u00fcnk, amit vend\u00e9geink nem csak szeretnek, de vissza is j\u00e1rnak \u00e9rte. Friss, eg\u00e9szs\u00e9ges, laktat\u00f3 \u00e9teleink a veget\u00e1ri\u00e1nusok, a veg\u00e1nok \u00e9s a h\u00fasim\u00e1d\u00f3k \u00edzl\u00e9s\u00e9t is kiszolg\u00e1lj\u00e1k. \u0150szinte \u00edzek, h\u00e1zilag k\u00e9sz\u00edtve. Kell enn\u00e9l t\u00f6bb? N\u00e9zz be hozz\u00e1nk m\u00e9g ma \u00e9s k\u00f3stolj te is! hummus t\u00e1lak shakshuka pita szendvicsek laffa szendvicsek sal\u00e1t\u00e1k ropog\u00f3s falatok ... Read More\" \/>\n<meta property=\"og:url\" content=\"https:\/\/hummusbar.eu\/hu\/szegedmenu\/\" \/>\n<meta property=\"og:site_name\" content=\"hummusbar\" \/>\n<meta property=\"article:publisher\" content=\"https:\/\/www.facebook.com\/hummusbarofficial\" \/>\n<meta property=\"article:modified_time\" content=\"2024-01-26T10:30:02+00:00\" \/>\n<meta name=\"twitter:card\" content=\"summary_large_image\" \/>\n<meta name=\"twitter:label1\" content=\"Becs\u00fclt olvas\u00e1si id\u0151\" \/>\n\t<meta name=\"twitter:data1\" content=\"2 perc\" \/>\n<script type=\"application\/ld+json\" class=\"yoast-schema-graph\">{\"@context\":\"https:\/\/schema.org\",\"@graph\":[{\"@type\":\"WebPage\",\"@id\":\"https:\/\/hummusbar.eu\/hu\/szegedmenu\/\",\"url\":\"https:\/\/hummusbar.eu\/hu\/szegedmenu\/\",\"name\":\"Szegedmenu - hummusbar\",\"isPartOf\":{\"@id\":\"https:\/\/hummusbar.eu\/#website\"},\"datePublished\":\"2022-11-03T14:02:35+00:00\",\"dateModified\":\"2024-01-26T10:30:02+00:00\",\"breadcrumb\":{\"@id\":\"https:\/\/hummusbar.eu\/hu\/szegedmenu\/#breadcrumb\"},\"inLanguage\":\"hu\",\"potentialAction\":[{\"@type\":\"ReadAction\",\"target\":[\"https:\/\/hummusbar.eu\/hu\/szegedmenu\/\"]}]},{\"@type\":\"BreadcrumbList\",\"@id\":\"https:\/\/hummusbar.eu\/hu\/szegedmenu\/#breadcrumb\",\"itemListElement\":[{\"@type\":\"ListItem\",\"position\":1,\"name\":\"Home\",\"item\":\"https:\/\/hummusbar.eu\/hu\/\"},{\"@type\":\"ListItem\",\"position\":2,\"name\":\"Szegedmenu\"}]},{\"@type\":\"WebSite\",\"@id\":\"https:\/\/hummusbar.eu\/#website\",\"url\":\"https:\/\/hummusbar.eu\/\",\"name\":\"hummusbar\",\"description\":\"Handmade - heartfelt\",\"publisher\":{\"@id\":\"https:\/\/hummusbar.eu\/#organization\"},\"potentialAction\":[{\"@type\":\"SearchAction\",\"target\":{\"@type\":\"EntryPoint\",\"urlTemplate\":\"https:\/\/hummusbar.eu\/?s={search_term_string}\"},\"query-input\":{\"@type\":\"PropertyValueSpecification\",\"valueRequired\":true,\"valueName\":\"search_term_string\"}}],\"inLanguage\":\"hu\"},{\"@type\":\"Organization\",\"@id\":\"https:\/\/hummusbar.eu\/#organization\",\"name\":\"hummusbar\",\"url\":\"https:\/\/hummusbar.eu\/\",\"logo\":{\"@type\":\"ImageObject\",\"inLanguage\":\"hu\",\"@id\":\"https:\/\/hummusbar.eu\/#\/schema\/logo\/image\/\",\"url\":\"https:\/\/hummusbar.eu\/wp-content\/uploads\/2021\/03\/hummusbar_logos2.png\",\"contentUrl\":\"https:\/\/hummusbar.eu\/wp-content\/uploads\/2021\/03\/hummusbar_logos2.png\",\"width\":600,\"height\":600,\"caption\":\"hummusbar\"},\"image\":{\"@id\":\"https:\/\/hummusbar.eu\/#\/schema\/logo\/image\/\"},\"sameAs\":[\"https:\/\/www.facebook.com\/hummusbarofficial\"]}]}<\/script>\n<!-- \/ Yoast SEO plugin. -->","yoast_head_json":{"title":"Szegedmenu - hummusbar","robots":{"index":"index","follow":"follow","max-snippet":"max-snippet:-1","max-image-preview":"max-image-preview:large","max-video-preview":"max-video-preview:-1"},"canonical":"https:\/\/hummusbar.eu\/hu\/szegedmenu\/","og_locale":"hu_HU","og_type":"article","og_title":"Szegedmenu - hummusbar","og_description":"Magyar men\u00fc English menu Hamarosan Szegeden is. Olyan fog\u00e1sokat k\u00e9sz\u00edt\u00fcnk, amit vend\u00e9geink nem csak szeretnek, de vissza is j\u00e1rnak \u00e9rte. Friss, eg\u00e9szs\u00e9ges, laktat\u00f3 \u00e9teleink a veget\u00e1ri\u00e1nusok, a veg\u00e1nok \u00e9s a h\u00fasim\u00e1d\u00f3k \u00edzl\u00e9s\u00e9t is kiszolg\u00e1lj\u00e1k. \u0150szinte \u00edzek, h\u00e1zilag k\u00e9sz\u00edtve. Kell enn\u00e9l t\u00f6bb? N\u00e9zz be hozz\u00e1nk m\u00e9g ma \u00e9s k\u00f3stolj te is! hummus t\u00e1lak shakshuka pita szendvicsek laffa szendvicsek sal\u00e1t\u00e1k ropog\u00f3s falatok ... Read More","og_url":"https:\/\/hummusbar.eu\/hu\/szegedmenu\/","og_site_name":"hummusbar","article_publisher":"https:\/\/www.facebook.com\/hummusbarofficial","article_modified_time":"2024-01-26T10:30:02+00:00","twitter_card":"summary_large_image","twitter_misc":{"Becs\u00fclt olvas\u00e1si id\u0151":"2 perc"},"schema":{"@context":"https:\/\/schema.org","@graph":[{"@type":"WebPage","@id":"https:\/\/hummusbar.eu\/hu\/szegedmenu\/","url":"https:\/\/hummusbar.eu\/hu\/szegedmenu\/","name":"Szegedmenu - hummusbar","isPartOf":{"@id":"https:\/\/hummusbar.eu\/#website"},"datePublished":"2022-11-03T14:02:35+00:00","dateModified":"2024-01-26T10:30:02+00:00","breadcrumb":{"@id":"https:\/\/hummusbar.eu\/hu\/szegedmenu\/#breadcrumb"},"inLanguage":"hu","potentialAction":[{"@type":"ReadAction","target":["https:\/\/hummusbar.eu\/hu\/szegedmenu\/"]}]},{"@type":"BreadcrumbList","@id":"https:\/\/hummusbar.eu\/hu\/szegedmenu\/#breadcrumb","itemListElement":[{"@type":"ListItem","position":1,"name":"Home","item":"https:\/\/hummusbar.eu\/hu\/"},{"@type":"ListItem","position":2,"name":"Szegedmenu"}]},{"@type":"WebSite","@id":"https:\/\/hummusbar.eu\/#website","url":"https:\/\/hummusbar.eu\/","name":"hummusbar","description":"Handmade - heartfelt","publisher":{"@id":"https:\/\/hummusbar.eu\/#organization"},"potentialAction":[{"@type":"SearchAction","target":{"@type":"EntryPoint","urlTemplate":"https:\/\/hummusbar.eu\/?s={search_term_string}"},"query-input":{"@type":"PropertyValueSpecification","valueRequired":true,"valueName":"search_term_string"}}],"inLanguage":"hu"},{"@type":"Organization","@id":"https:\/\/hummusbar.eu\/#organization","name":"hummusbar","url":"https:\/\/hummusbar.eu\/","logo":{"@type":"ImageObject","inLanguage":"hu","@id":"https:\/\/hummusbar.eu\/#\/schema\/logo\/image\/","url":"https:\/\/hummusbar.eu\/wp-content\/uploads\/2021\/03\/hummusbar_logos2.png","contentUrl":"https:\/\/hummusbar.eu\/wp-content\/uploads\/2021\/03\/hummusbar_logos2.png","width":600,"height":600,"caption":"hummusbar"},"image":{"@id":"https:\/\/hummusbar.eu\/#\/schema\/logo\/image\/"},"sameAs":["https:\/\/www.facebook.com\/hummusbarofficial"]}]}},"_links":{"self":[{"href":"https:\/\/hummusbar.eu\/hu\/wp-json\/wp\/v2\/pages\/957","targetHints":{"allow":["GET"]}}],"collection":[{"href":"https:\/\/hummusbar.eu\/hu\/wp-json\/wp\/v2\/pages"}],"about":[{"href":"https:\/\/hummusbar.eu\/hu\/wp-json\/wp\/v2\/types\/page"}],"author":[{"embeddable":true,"href":"https:\/\/hummusbar.eu\/hu\/wp-json\/wp\/v2\/users\/5"}],"replies":[{"embeddable":true,"href":"https:\/\/hummusbar.eu\/hu\/wp-json\/wp\/v2\/comments?post=957"}],"version-history":[{"count":17,"href":"https:\/\/hummusbar.eu\/hu\/wp-json\/wp\/v2\/pages\/957\/revisions"}],"predecessor-version":[{"id":1358,"href":"https:\/\/hummusbar.eu\/hu\/wp-json\/wp\/v2\/pages\/957\/revisions\/1358"}],"wp:attachment":[{"href":"https:\/\/hummusbar.eu\/hu\/wp-json\/wp\/v2\/media?parent=957"}],"curies":[{"name":"wp","href":"https:\/\/api.w.org\/{rel}","templated":true}]}}