{"id":920,"date":"2022-11-02T10:34:02","date_gmt":"2022-11-02T10:34:02","guid":{"rendered":"https:\/\/hummusbar.eu\/?page_id=920"},"modified":"2023-11-30T14:36:38","modified_gmt":"2023-11-30T14:36:38","slug":"szeged","status":"publish","type":"page","link":"https:\/\/hummusbar.eu\/hu\/szeged\/","title":{"rendered":"Szeged"},"content":{"rendered":"<div id=\"cs-content\" class=\"cs-content\"><\/div>\n","protected":false},"excerpt":{"rendered":"<p>hummusbar SZEGED k\u00fcldet\u00e9s\u00fcnk a hummusz Olyan fog\u00e1sokat k\u00e9sz\u00edt\u00fcnk, amit vend\u00e9geink nem csak szeretnek, de vissza is j\u00e1rnak \u00e9rte. Friss, eg\u00e9szs\u00e9ges, laktat\u00f3 \u00e9teleink a veget\u00e1ri\u00e1nusok, a veg\u00e1nok \u00e9s a h\u00fasim\u00e1d\u00f3k \u00edzl\u00e9s\u00e9t is kiszolg\u00e1lj\u00e1k. \u0150szinte \u00edzek, h\u00e1zilag k\u00e9sz\u00edtve. Kell enn\u00e9l t\u00f6bb? Ugorj be egy fantasztikus eb\u00e9dre vagy vacsira, helyben fogyaszt\u00f3 vend\u00e9geinket h\u00fasos \u00e9teleinkre vonatkoz\u00f3 akci\u00f3val v\u00e1rjuk!Teljes Men\u00fcT\u00e9rk\u00e9pRendel\u00e9sFacebook<\/p>\n","protected":false},"author":5,"featured_media":0,"parent":0,"menu_order":0,"comment_status":"closed","ping_status":"closed","template":"template-blank-4.php","meta":{"content-type":"","_monsterinsights_skip_tracking":false,"_monsterinsights_sitenote_active":false,"_monsterinsights_sitenote_note":"","_monsterinsights_sitenote_category":0,"footnotes":""},"class_list":["post-920","page","type-page","status-publish","hentry","no-post-thumbnail"],"yoast_head":"<!-- This site is optimized with the Yoast SEO plugin v26.9 - https:\/\/yoast.com\/product\/yoast-seo-wordpress\/ -->\n<title>Szeged - hummusbar<\/title>\n<meta name=\"robots\" content=\"index, follow, max-snippet:-1, max-image-preview:large, max-video-preview:-1\" \/>\n<link rel=\"canonical\" href=\"https:\/\/hummusbar.eu\/hu\/szeged\/\" \/>\n<meta property=\"og:locale\" content=\"hu_HU\" \/>\n<meta property=\"og:type\" content=\"article\" \/>\n<meta property=\"og:title\" content=\"Szeged - hummusbar\" \/>\n<meta property=\"og:description\" content=\"hummusbar SZEGED k\u00fcldet\u00e9s\u00fcnk a hummusz Olyan fog\u00e1sokat k\u00e9sz\u00edt\u00fcnk, amit vend\u00e9geink nem csak szeretnek, de vissza is j\u00e1rnak \u00e9rte. Friss, eg\u00e9szs\u00e9ges, laktat\u00f3 \u00e9teleink a veget\u00e1ri\u00e1nusok, a veg\u00e1nok \u00e9s a h\u00fasim\u00e1d\u00f3k \u00edzl\u00e9s\u00e9t is kiszolg\u00e1lj\u00e1k. \u0150szinte \u00edzek, h\u00e1zilag k\u00e9sz\u00edtve. Kell enn\u00e9l t\u00f6bb? Ugorj be egy fantasztikus eb\u00e9dre vagy vacsira, helyben fogyaszt\u00f3 vend\u00e9geinket h\u00fasos \u00e9teleinkre vonatkoz\u00f3 akci\u00f3val v\u00e1rjuk!Teljes Men\u00fcT\u00e9rk\u00e9pRendel\u00e9sFacebook\" \/>\n<meta property=\"og:url\" content=\"https:\/\/hummusbar.eu\/hu\/szeged\/\" \/>\n<meta property=\"og:site_name\" content=\"hummusbar\" \/>\n<meta property=\"article:publisher\" content=\"https:\/\/www.facebook.com\/hummusbarofficial\" \/>\n<meta property=\"article:modified_time\" content=\"2023-11-30T14:36:38+00:00\" \/>\n<meta name=\"twitter:card\" content=\"summary_large_image\" \/>\n<meta name=\"twitter:label1\" content=\"Becs\u00fclt olvas\u00e1si id\u0151\" \/>\n\t<meta name=\"twitter:data1\" content=\"2 perc\" \/>\n<script type=\"application\/ld+json\" class=\"yoast-schema-graph\">{\"@context\":\"https:\/\/schema.org\",\"@graph\":[{\"@type\":\"WebPage\",\"@id\":\"https:\/\/hummusbar.eu\/hu\/szeged\/\",\"url\":\"https:\/\/hummusbar.eu\/hu\/szeged\/\",\"name\":\"Szeged - hummusbar\",\"isPartOf\":{\"@id\":\"https:\/\/hummusbar.eu\/#website\"},\"datePublished\":\"2022-11-02T10:34:02+00:00\",\"dateModified\":\"2023-11-30T14:36:38+00:00\",\"breadcrumb\":{\"@id\":\"https:\/\/hummusbar.eu\/hu\/szeged\/#breadcrumb\"},\"inLanguage\":\"hu\",\"potentialAction\":[{\"@type\":\"ReadAction\",\"target\":[\"https:\/\/hummusbar.eu\/hu\/szeged\/\"]}]},{\"@type\":\"BreadcrumbList\",\"@id\":\"https:\/\/hummusbar.eu\/hu\/szeged\/#breadcrumb\",\"itemListElement\":[{\"@type\":\"ListItem\",\"position\":1,\"name\":\"Home\",\"item\":\"https:\/\/hummusbar.eu\/hu\/\"},{\"@type\":\"ListItem\",\"position\":2,\"name\":\"Szeged\"}]},{\"@type\":\"WebSite\",\"@id\":\"https:\/\/hummusbar.eu\/#website\",\"url\":\"https:\/\/hummusbar.eu\/\",\"name\":\"hummusbar\",\"description\":\"Handmade - heartfelt\",\"publisher\":{\"@id\":\"https:\/\/hummusbar.eu\/#organization\"},\"potentialAction\":[{\"@type\":\"SearchAction\",\"target\":{\"@type\":\"EntryPoint\",\"urlTemplate\":\"https:\/\/hummusbar.eu\/?s={search_term_string}\"},\"query-input\":{\"@type\":\"PropertyValueSpecification\",\"valueRequired\":true,\"valueName\":\"search_term_string\"}}],\"inLanguage\":\"hu\"},{\"@type\":\"Organization\",\"@id\":\"https:\/\/hummusbar.eu\/#organization\",\"name\":\"hummusbar\",\"url\":\"https:\/\/hummusbar.eu\/\",\"logo\":{\"@type\":\"ImageObject\",\"inLanguage\":\"hu\",\"@id\":\"https:\/\/hummusbar.eu\/#\/schema\/logo\/image\/\",\"url\":\"https:\/\/hummusbar.eu\/wp-content\/uploads\/2021\/03\/hummusbar_logos2.png\",\"contentUrl\":\"https:\/\/hummusbar.eu\/wp-content\/uploads\/2021\/03\/hummusbar_logos2.png\",\"width\":600,\"height\":600,\"caption\":\"hummusbar\"},\"image\":{\"@id\":\"https:\/\/hummusbar.eu\/#\/schema\/logo\/image\/\"},\"sameAs\":[\"https:\/\/www.facebook.com\/hummusbarofficial\"]}]}<\/script>\n<!-- \/ Yoast SEO plugin. -->","yoast_head_json":{"title":"Szeged - hummusbar","robots":{"index":"index","follow":"follow","max-snippet":"max-snippet:-1","max-image-preview":"max-image-preview:large","max-video-preview":"max-video-preview:-1"},"canonical":"https:\/\/hummusbar.eu\/hu\/szeged\/","og_locale":"hu_HU","og_type":"article","og_title":"Szeged - hummusbar","og_description":"hummusbar SZEGED k\u00fcldet\u00e9s\u00fcnk a hummusz Olyan fog\u00e1sokat k\u00e9sz\u00edt\u00fcnk, amit vend\u00e9geink nem csak szeretnek, de vissza is j\u00e1rnak \u00e9rte. Friss, eg\u00e9szs\u00e9ges, laktat\u00f3 \u00e9teleink a veget\u00e1ri\u00e1nusok, a veg\u00e1nok \u00e9s a h\u00fasim\u00e1d\u00f3k \u00edzl\u00e9s\u00e9t is kiszolg\u00e1lj\u00e1k. \u0150szinte \u00edzek, h\u00e1zilag k\u00e9sz\u00edtve. Kell enn\u00e9l t\u00f6bb? Ugorj be egy fantasztikus eb\u00e9dre vagy vacsira, helyben fogyaszt\u00f3 vend\u00e9geinket h\u00fasos \u00e9teleinkre vonatkoz\u00f3 akci\u00f3val v\u00e1rjuk!Teljes Men\u00fcT\u00e9rk\u00e9pRendel\u00e9sFacebook","og_url":"https:\/\/hummusbar.eu\/hu\/szeged\/","og_site_name":"hummusbar","article_publisher":"https:\/\/www.facebook.com\/hummusbarofficial","article_modified_time":"2023-11-30T14:36:38+00:00","twitter_card":"summary_large_image","twitter_misc":{"Becs\u00fclt olvas\u00e1si id\u0151":"2 perc"},"schema":{"@context":"https:\/\/schema.org","@graph":[{"@type":"WebPage","@id":"https:\/\/hummusbar.eu\/hu\/szeged\/","url":"https:\/\/hummusbar.eu\/hu\/szeged\/","name":"Szeged - hummusbar","isPartOf":{"@id":"https:\/\/hummusbar.eu\/#website"},"datePublished":"2022-11-02T10:34:02+00:00","dateModified":"2023-11-30T14:36:38+00:00","breadcrumb":{"@id":"https:\/\/hummusbar.eu\/hu\/szeged\/#breadcrumb"},"inLanguage":"hu","potentialAction":[{"@type":"ReadAction","target":["https:\/\/hummusbar.eu\/hu\/szeged\/"]}]},{"@type":"BreadcrumbList","@id":"https:\/\/hummusbar.eu\/hu\/szeged\/#breadcrumb","itemListElement":[{"@type":"ListItem","position":1,"name":"Home","item":"https:\/\/hummusbar.eu\/hu\/"},{"@type":"ListItem","position":2,"name":"Szeged"}]},{"@type":"WebSite","@id":"https:\/\/hummusbar.eu\/#website","url":"https:\/\/hummusbar.eu\/","name":"hummusbar","description":"Handmade - heartfelt","publisher":{"@id":"https:\/\/hummusbar.eu\/#organization"},"potentialAction":[{"@type":"SearchAction","target":{"@type":"EntryPoint","urlTemplate":"https:\/\/hummusbar.eu\/?s={search_term_string}"},"query-input":{"@type":"PropertyValueSpecification","valueRequired":true,"valueName":"search_term_string"}}],"inLanguage":"hu"},{"@type":"Organization","@id":"https:\/\/hummusbar.eu\/#organization","name":"hummusbar","url":"https:\/\/hummusbar.eu\/","logo":{"@type":"ImageObject","inLanguage":"hu","@id":"https:\/\/hummusbar.eu\/#\/schema\/logo\/image\/","url":"https:\/\/hummusbar.eu\/wp-content\/uploads\/2021\/03\/hummusbar_logos2.png","contentUrl":"https:\/\/hummusbar.eu\/wp-content\/uploads\/2021\/03\/hummusbar_logos2.png","width":600,"height":600,"caption":"hummusbar"},"image":{"@id":"https:\/\/hummusbar.eu\/#\/schema\/logo\/image\/"},"sameAs":["https:\/\/www.facebook.com\/hummusbarofficial"]}]}},"_links":{"self":[{"href":"https:\/\/hummusbar.eu\/hu\/wp-json\/wp\/v2\/pages\/920","targetHints":{"allow":["GET"]}}],"collection":[{"href":"https:\/\/hummusbar.eu\/hu\/wp-json\/wp\/v2\/pages"}],"about":[{"href":"https:\/\/hummusbar.eu\/hu\/wp-json\/wp\/v2\/types\/page"}],"author":[{"embeddable":true,"href":"https:\/\/hummusbar.eu\/hu\/wp-json\/wp\/v2\/users\/5"}],"replies":[{"embeddable":true,"href":"https:\/\/hummusbar.eu\/hu\/wp-json\/wp\/v2\/comments?post=920"}],"version-history":[{"count":37,"href":"https:\/\/hummusbar.eu\/hu\/wp-json\/wp\/v2\/pages\/920\/revisions"}],"predecessor-version":[{"id":1268,"href":"https:\/\/hummusbar.eu\/hu\/wp-json\/wp\/v2\/pages\/920\/revisions\/1268"}],"wp:attachment":[{"href":"https:\/\/hummusbar.eu\/hu\/wp-json\/wp\/v2\/media?parent=920"}],"curies":[{"name":"wp","href":"https:\/\/api.w.org\/{rel}","templated":true}]}}