{"id":306,"date":"2021-03-22T19:37:53","date_gmt":"2021-03-22T19:37:53","guid":{"rendered":"http:\/\/hummusbar.eu\/career\/"},"modified":"2026-02-26T10:26:10","modified_gmt":"2026-02-26T10:26:10","slug":"karrier","status":"publish","type":"page","link":"https:\/\/hummusbar.eu\/hu\/karrier\/","title":{"rendered":"Karrier"},"content":{"rendered":"<div id=\"cs-content\" class=\"cs-content\"><\/div>\n","protected":false},"excerpt":{"rendered":"<p>csatlakozz a csapatunkhoz!20 \u00e9ve a p\u00e1ly\u00e1n! &eacute;rt&eacute;kelj&uuml;k a munk&aacute;d!kisz\u00e1m\u00edthat\u00f3 m\u0171szakok.emberi l\u00e9gk\u00f6r.te is a vend\u00e9g\u00fcnk vagy minden nap!Opportunities for you join our familyAs a chain, our concept and brand doesn\u2019t exist anywhere in the world, so we know we are doing something special. We have developed all the logistic and operational systems you will need and we are growing. We already &#8230; <\/p>\n<div><a href=\"https:\/\/hummusbar.eu\/hu\/karrier\/\" class=\"more-link\">Read More<\/a><\/div>\n","protected":false},"author":7,"featured_media":0,"parent":0,"menu_order":0,"comment_status":"closed","ping_status":"closed","template":"template-blank-4.php","meta":{"content-type":"","_monsterinsights_skip_tracking":false,"_monsterinsights_sitenote_active":false,"_monsterinsights_sitenote_note":"","_monsterinsights_sitenote_category":0,"footnotes":""},"class_list":["post-306","page","type-page","status-publish","hentry","no-post-thumbnail"],"yoast_head":"<!-- This site is optimized with the Yoast SEO plugin v26.9 - https:\/\/yoast.com\/product\/yoast-seo-wordpress\/ -->\n<title>Karrier - hummusbar<\/title>\n<meta name=\"robots\" content=\"index, follow, max-snippet:-1, max-image-preview:large, max-video-preview:-1\" \/>\n<link rel=\"canonical\" href=\"https:\/\/hummusbar.eu\/hu\/karrier\/\" \/>\n<meta property=\"og:locale\" content=\"hu_HU\" \/>\n<meta property=\"og:type\" content=\"article\" \/>\n<meta property=\"og:title\" content=\"Karrier - hummusbar\" \/>\n<meta property=\"og:description\" content=\"csatlakozz a csapatunkhoz!20 \u00e9ve a p\u00e1ly\u00e1n! &eacute;rt&eacute;kelj&uuml;k a munk&aacute;d!kisz\u00e1m\u00edthat\u00f3 m\u0171szakok.emberi l\u00e9gk\u00f6r.te is a vend\u00e9g\u00fcnk vagy minden nap!Opportunities for you join our familyAs a chain, our concept and brand doesn\u2019t exist anywhere in the world, so we know we are doing something special. We have developed all the logistic and operational systems you will need and we are growing. We already ... Read More\" \/>\n<meta property=\"og:url\" content=\"https:\/\/hummusbar.eu\/hu\/karrier\/\" \/>\n<meta property=\"og:site_name\" content=\"hummusbar\" \/>\n<meta property=\"article:publisher\" content=\"https:\/\/www.facebook.com\/hummusbarofficial\" \/>\n<meta property=\"article:modified_time\" content=\"2026-02-26T10:26:10+00:00\" \/>\n<meta name=\"twitter:card\" content=\"summary_large_image\" \/>\n<meta name=\"twitter:label1\" content=\"Becs\u00fclt olvas\u00e1si id\u0151\" \/>\n\t<meta name=\"twitter:data1\" content=\"4 perc\" \/>\n<script type=\"application\/ld+json\" class=\"yoast-schema-graph\">{\"@context\":\"https:\/\/schema.org\",\"@graph\":[{\"@type\":\"WebPage\",\"@id\":\"https:\/\/hummusbar.eu\/hu\/karrier\/\",\"url\":\"https:\/\/hummusbar.eu\/hu\/karrier\/\",\"name\":\"Karrier - hummusbar\",\"isPartOf\":{\"@id\":\"https:\/\/hummusbar.eu\/#website\"},\"datePublished\":\"2021-03-22T19:37:53+00:00\",\"dateModified\":\"2026-02-26T10:26:10+00:00\",\"breadcrumb\":{\"@id\":\"https:\/\/hummusbar.eu\/hu\/karrier\/#breadcrumb\"},\"inLanguage\":\"hu\",\"potentialAction\":[{\"@type\":\"ReadAction\",\"target\":[\"https:\/\/hummusbar.eu\/hu\/karrier\/\"]}]},{\"@type\":\"BreadcrumbList\",\"@id\":\"https:\/\/hummusbar.eu\/hu\/karrier\/#breadcrumb\",\"itemListElement\":[{\"@type\":\"ListItem\",\"position\":1,\"name\":\"Home\",\"item\":\"https:\/\/hummusbar.eu\/hu\/\"},{\"@type\":\"ListItem\",\"position\":2,\"name\":\"Karrier\"}]},{\"@type\":\"WebSite\",\"@id\":\"https:\/\/hummusbar.eu\/#website\",\"url\":\"https:\/\/hummusbar.eu\/\",\"name\":\"hummusbar\",\"description\":\"Handmade - heartfelt\",\"publisher\":{\"@id\":\"https:\/\/hummusbar.eu\/#organization\"},\"potentialAction\":[{\"@type\":\"SearchAction\",\"target\":{\"@type\":\"EntryPoint\",\"urlTemplate\":\"https:\/\/hummusbar.eu\/?s={search_term_string}\"},\"query-input\":{\"@type\":\"PropertyValueSpecification\",\"valueRequired\":true,\"valueName\":\"search_term_string\"}}],\"inLanguage\":\"hu\"},{\"@type\":\"Organization\",\"@id\":\"https:\/\/hummusbar.eu\/#organization\",\"name\":\"hummusbar\",\"url\":\"https:\/\/hummusbar.eu\/\",\"logo\":{\"@type\":\"ImageObject\",\"inLanguage\":\"hu\",\"@id\":\"https:\/\/hummusbar.eu\/#\/schema\/logo\/image\/\",\"url\":\"https:\/\/hummusbar.eu\/wp-content\/uploads\/2021\/03\/hummusbar_logos2.png\",\"contentUrl\":\"https:\/\/hummusbar.eu\/wp-content\/uploads\/2021\/03\/hummusbar_logos2.png\",\"width\":600,\"height\":600,\"caption\":\"hummusbar\"},\"image\":{\"@id\":\"https:\/\/hummusbar.eu\/#\/schema\/logo\/image\/\"},\"sameAs\":[\"https:\/\/www.facebook.com\/hummusbarofficial\"]}]}<\/script>\n<!-- \/ Yoast SEO plugin. -->","yoast_head_json":{"title":"Karrier - hummusbar","robots":{"index":"index","follow":"follow","max-snippet":"max-snippet:-1","max-image-preview":"max-image-preview:large","max-video-preview":"max-video-preview:-1"},"canonical":"https:\/\/hummusbar.eu\/hu\/karrier\/","og_locale":"hu_HU","og_type":"article","og_title":"Karrier - hummusbar","og_description":"csatlakozz a csapatunkhoz!20 \u00e9ve a p\u00e1ly\u00e1n! &eacute;rt&eacute;kelj&uuml;k a munk&aacute;d!kisz\u00e1m\u00edthat\u00f3 m\u0171szakok.emberi l\u00e9gk\u00f6r.te is a vend\u00e9g\u00fcnk vagy minden nap!Opportunities for you join our familyAs a chain, our concept and brand doesn\u2019t exist anywhere in the world, so we know we are doing something special. We have developed all the logistic and operational systems you will need and we are growing. We already ... Read More","og_url":"https:\/\/hummusbar.eu\/hu\/karrier\/","og_site_name":"hummusbar","article_publisher":"https:\/\/www.facebook.com\/hummusbarofficial","article_modified_time":"2026-02-26T10:26:10+00:00","twitter_card":"summary_large_image","twitter_misc":{"Becs\u00fclt olvas\u00e1si id\u0151":"4 perc"},"schema":{"@context":"https:\/\/schema.org","@graph":[{"@type":"WebPage","@id":"https:\/\/hummusbar.eu\/hu\/karrier\/","url":"https:\/\/hummusbar.eu\/hu\/karrier\/","name":"Karrier - hummusbar","isPartOf":{"@id":"https:\/\/hummusbar.eu\/#website"},"datePublished":"2021-03-22T19:37:53+00:00","dateModified":"2026-02-26T10:26:10+00:00","breadcrumb":{"@id":"https:\/\/hummusbar.eu\/hu\/karrier\/#breadcrumb"},"inLanguage":"hu","potentialAction":[{"@type":"ReadAction","target":["https:\/\/hummusbar.eu\/hu\/karrier\/"]}]},{"@type":"BreadcrumbList","@id":"https:\/\/hummusbar.eu\/hu\/karrier\/#breadcrumb","itemListElement":[{"@type":"ListItem","position":1,"name":"Home","item":"https:\/\/hummusbar.eu\/hu\/"},{"@type":"ListItem","position":2,"name":"Karrier"}]},{"@type":"WebSite","@id":"https:\/\/hummusbar.eu\/#website","url":"https:\/\/hummusbar.eu\/","name":"hummusbar","description":"Handmade - heartfelt","publisher":{"@id":"https:\/\/hummusbar.eu\/#organization"},"potentialAction":[{"@type":"SearchAction","target":{"@type":"EntryPoint","urlTemplate":"https:\/\/hummusbar.eu\/?s={search_term_string}"},"query-input":{"@type":"PropertyValueSpecification","valueRequired":true,"valueName":"search_term_string"}}],"inLanguage":"hu"},{"@type":"Organization","@id":"https:\/\/hummusbar.eu\/#organization","name":"hummusbar","url":"https:\/\/hummusbar.eu\/","logo":{"@type":"ImageObject","inLanguage":"hu","@id":"https:\/\/hummusbar.eu\/#\/schema\/logo\/image\/","url":"https:\/\/hummusbar.eu\/wp-content\/uploads\/2021\/03\/hummusbar_logos2.png","contentUrl":"https:\/\/hummusbar.eu\/wp-content\/uploads\/2021\/03\/hummusbar_logos2.png","width":600,"height":600,"caption":"hummusbar"},"image":{"@id":"https:\/\/hummusbar.eu\/#\/schema\/logo\/image\/"},"sameAs":["https:\/\/www.facebook.com\/hummusbarofficial"]}]}},"_links":{"self":[{"href":"https:\/\/hummusbar.eu\/hu\/wp-json\/wp\/v2\/pages\/306","targetHints":{"allow":["GET"]}}],"collection":[{"href":"https:\/\/hummusbar.eu\/hu\/wp-json\/wp\/v2\/pages"}],"about":[{"href":"https:\/\/hummusbar.eu\/hu\/wp-json\/wp\/v2\/types\/page"}],"author":[{"embeddable":true,"href":"https:\/\/hummusbar.eu\/hu\/wp-json\/wp\/v2\/users\/7"}],"replies":[{"embeddable":true,"href":"https:\/\/hummusbar.eu\/hu\/wp-json\/wp\/v2\/comments?post=306"}],"version-history":[{"count":54,"href":"https:\/\/hummusbar.eu\/hu\/wp-json\/wp\/v2\/pages\/306\/revisions"}],"predecessor-version":[{"id":2593,"href":"https:\/\/hummusbar.eu\/hu\/wp-json\/wp\/v2\/pages\/306\/revisions\/2593"}],"wp:attachment":[{"href":"https:\/\/hummusbar.eu\/hu\/wp-json\/wp\/v2\/media?parent=306"}],"curies":[{"name":"wp","href":"https:\/\/api.w.org\/{rel}","templated":true}]}}