{"id":286,"date":"2021-03-22T19:36:54","date_gmt":"2021-03-22T19:36:54","guid":{"rendered":"http:\/\/hummusbar.eu\/our-food\/"},"modified":"2024-07-23T08:17:17","modified_gmt":"2024-07-23T08:17:17","slug":"eteleink","status":"publish","type":"page","link":"https:\/\/hummusbar.eu\/hu\/eteleink\/","title":{"rendered":"\u00c9teleink"},"content":{"rendered":"<div id=\"cs-content\" class=\"cs-content\"><\/div>\n","protected":false},"excerpt":{"rendered":"<p>\u00e9teleink V\u00e1laszd ki a kedvenced!\u00c9ttermeink k\u00edn\u00e1lata elt\u00e9r\u0151, az egyes \u00e9tlapokat az \u00e9ttermeink men\u00fcpont alatt tal\u00e1lod hummus t\u00e1lak Amikor filoz\u00f3fi\u00e1nk testet \u00f6lt. A hummus k\u00fcl\u00f6nleges helyet foglal el a sz\u00edv\u00fcnkben \u2013 ez a specialit\u00e1sunk. Tahini, ol\u00edvaolaj, petrezselyem \u00e9s friss, meleg h\u00e1zi pita t\u00e1rsas\u00e1g\u00e1ban \u00e9rkezik. \u00c9lvezd \u00fagy, ahogy te akarod felt\u00e9tek \u00e9s extr\u00e1k k\u00f6zel v\u00e9gtelen kombin\u00e1ci\u00f3j\u00e1val! Im\u00e1djuk, hogy osztozhatunk veletek a hummus &#8230; <\/p>\n<div><a href=\"https:\/\/hummusbar.eu\/hu\/eteleink\/\" class=\"more-link\">Read More<\/a><\/div>\n","protected":false},"author":7,"featured_media":0,"parent":0,"menu_order":0,"comment_status":"closed","ping_status":"closed","template":"template-blank-4.php","meta":{"content-type":"","_monsterinsights_skip_tracking":false,"_monsterinsights_sitenote_active":false,"_monsterinsights_sitenote_note":"","_monsterinsights_sitenote_category":0,"footnotes":""},"class_list":["post-286","page","type-page","status-publish","hentry","no-post-thumbnail"],"yoast_head":"<!-- This site is optimized with the Yoast SEO plugin v26.9 - https:\/\/yoast.com\/product\/yoast-seo-wordpress\/ -->\n<title>\u00c9teleink - hummusbar<\/title>\n<meta name=\"robots\" content=\"index, follow, max-snippet:-1, max-image-preview:large, max-video-preview:-1\" \/>\n<link rel=\"canonical\" href=\"https:\/\/hummusbar.eu\/hu\/eteleink\/\" \/>\n<meta property=\"og:locale\" content=\"hu_HU\" \/>\n<meta property=\"og:type\" content=\"article\" \/>\n<meta property=\"og:title\" content=\"\u00c9teleink - hummusbar\" \/>\n<meta property=\"og:description\" content=\"\u00e9teleink V\u00e1laszd ki a kedvenced!\u00c9ttermeink k\u00edn\u00e1lata elt\u00e9r\u0151, az egyes \u00e9tlapokat az \u00e9ttermeink men\u00fcpont alatt tal\u00e1lod hummus t\u00e1lak Amikor filoz\u00f3fi\u00e1nk testet \u00f6lt. A hummus k\u00fcl\u00f6nleges helyet foglal el a sz\u00edv\u00fcnkben \u2013 ez a specialit\u00e1sunk. Tahini, ol\u00edvaolaj, petrezselyem \u00e9s friss, meleg h\u00e1zi pita t\u00e1rsas\u00e1g\u00e1ban \u00e9rkezik. \u00c9lvezd \u00fagy, ahogy te akarod felt\u00e9tek \u00e9s extr\u00e1k k\u00f6zel v\u00e9gtelen kombin\u00e1ci\u00f3j\u00e1val! Im\u00e1djuk, hogy osztozhatunk veletek a hummus ... Read More\" \/>\n<meta property=\"og:url\" content=\"https:\/\/hummusbar.eu\/hu\/eteleink\/\" \/>\n<meta property=\"og:site_name\" content=\"hummusbar\" \/>\n<meta property=\"article:publisher\" content=\"https:\/\/www.facebook.com\/hummusbarofficial\" \/>\n<meta property=\"article:modified_time\" content=\"2024-07-23T08:17:17+00:00\" \/>\n<meta name=\"twitter:card\" content=\"summary_large_image\" \/>\n<script type=\"application\/ld+json\" class=\"yoast-schema-graph\">{\"@context\":\"https:\/\/schema.org\",\"@graph\":[{\"@type\":\"WebPage\",\"@id\":\"https:\/\/hummusbar.eu\/hu\/eteleink\/\",\"url\":\"https:\/\/hummusbar.eu\/hu\/eteleink\/\",\"name\":\"\u00c9teleink - hummusbar\",\"isPartOf\":{\"@id\":\"https:\/\/hummusbar.eu\/#website\"},\"datePublished\":\"2021-03-22T19:36:54+00:00\",\"dateModified\":\"2024-07-23T08:17:17+00:00\",\"breadcrumb\":{\"@id\":\"https:\/\/hummusbar.eu\/hu\/eteleink\/#breadcrumb\"},\"inLanguage\":\"hu\",\"potentialAction\":[{\"@type\":\"ReadAction\",\"target\":[\"https:\/\/hummusbar.eu\/hu\/eteleink\/\"]}]},{\"@type\":\"BreadcrumbList\",\"@id\":\"https:\/\/hummusbar.eu\/hu\/eteleink\/#breadcrumb\",\"itemListElement\":[{\"@type\":\"ListItem\",\"position\":1,\"name\":\"Home\",\"item\":\"https:\/\/hummusbar.eu\/hu\/\"},{\"@type\":\"ListItem\",\"position\":2,\"name\":\"\u00c9teleink\"}]},{\"@type\":\"WebSite\",\"@id\":\"https:\/\/hummusbar.eu\/#website\",\"url\":\"https:\/\/hummusbar.eu\/\",\"name\":\"hummusbar\",\"description\":\"Handmade - heartfelt\",\"publisher\":{\"@id\":\"https:\/\/hummusbar.eu\/#organization\"},\"potentialAction\":[{\"@type\":\"SearchAction\",\"target\":{\"@type\":\"EntryPoint\",\"urlTemplate\":\"https:\/\/hummusbar.eu\/?s={search_term_string}\"},\"query-input\":{\"@type\":\"PropertyValueSpecification\",\"valueRequired\":true,\"valueName\":\"search_term_string\"}}],\"inLanguage\":\"hu\"},{\"@type\":\"Organization\",\"@id\":\"https:\/\/hummusbar.eu\/#organization\",\"name\":\"hummusbar\",\"url\":\"https:\/\/hummusbar.eu\/\",\"logo\":{\"@type\":\"ImageObject\",\"inLanguage\":\"hu\",\"@id\":\"https:\/\/hummusbar.eu\/#\/schema\/logo\/image\/\",\"url\":\"https:\/\/hummusbar.eu\/wp-content\/uploads\/2021\/03\/hummusbar_logos2.png\",\"contentUrl\":\"https:\/\/hummusbar.eu\/wp-content\/uploads\/2021\/03\/hummusbar_logos2.png\",\"width\":600,\"height\":600,\"caption\":\"hummusbar\"},\"image\":{\"@id\":\"https:\/\/hummusbar.eu\/#\/schema\/logo\/image\/\"},\"sameAs\":[\"https:\/\/www.facebook.com\/hummusbarofficial\"]}]}<\/script>\n<!-- \/ Yoast SEO plugin. -->","yoast_head_json":{"title":"\u00c9teleink - hummusbar","robots":{"index":"index","follow":"follow","max-snippet":"max-snippet:-1","max-image-preview":"max-image-preview:large","max-video-preview":"max-video-preview:-1"},"canonical":"https:\/\/hummusbar.eu\/hu\/eteleink\/","og_locale":"hu_HU","og_type":"article","og_title":"\u00c9teleink - hummusbar","og_description":"\u00e9teleink V\u00e1laszd ki a kedvenced!\u00c9ttermeink k\u00edn\u00e1lata elt\u00e9r\u0151, az egyes \u00e9tlapokat az \u00e9ttermeink men\u00fcpont alatt tal\u00e1lod hummus t\u00e1lak Amikor filoz\u00f3fi\u00e1nk testet \u00f6lt. A hummus k\u00fcl\u00f6nleges helyet foglal el a sz\u00edv\u00fcnkben \u2013 ez a specialit\u00e1sunk. Tahini, ol\u00edvaolaj, petrezselyem \u00e9s friss, meleg h\u00e1zi pita t\u00e1rsas\u00e1g\u00e1ban \u00e9rkezik. \u00c9lvezd \u00fagy, ahogy te akarod felt\u00e9tek \u00e9s extr\u00e1k k\u00f6zel v\u00e9gtelen kombin\u00e1ci\u00f3j\u00e1val! Im\u00e1djuk, hogy osztozhatunk veletek a hummus ... Read More","og_url":"https:\/\/hummusbar.eu\/hu\/eteleink\/","og_site_name":"hummusbar","article_publisher":"https:\/\/www.facebook.com\/hummusbarofficial","article_modified_time":"2024-07-23T08:17:17+00:00","twitter_card":"summary_large_image","schema":{"@context":"https:\/\/schema.org","@graph":[{"@type":"WebPage","@id":"https:\/\/hummusbar.eu\/hu\/eteleink\/","url":"https:\/\/hummusbar.eu\/hu\/eteleink\/","name":"\u00c9teleink - hummusbar","isPartOf":{"@id":"https:\/\/hummusbar.eu\/#website"},"datePublished":"2021-03-22T19:36:54+00:00","dateModified":"2024-07-23T08:17:17+00:00","breadcrumb":{"@id":"https:\/\/hummusbar.eu\/hu\/eteleink\/#breadcrumb"},"inLanguage":"hu","potentialAction":[{"@type":"ReadAction","target":["https:\/\/hummusbar.eu\/hu\/eteleink\/"]}]},{"@type":"BreadcrumbList","@id":"https:\/\/hummusbar.eu\/hu\/eteleink\/#breadcrumb","itemListElement":[{"@type":"ListItem","position":1,"name":"Home","item":"https:\/\/hummusbar.eu\/hu\/"},{"@type":"ListItem","position":2,"name":"\u00c9teleink"}]},{"@type":"WebSite","@id":"https:\/\/hummusbar.eu\/#website","url":"https:\/\/hummusbar.eu\/","name":"hummusbar","description":"Handmade - heartfelt","publisher":{"@id":"https:\/\/hummusbar.eu\/#organization"},"potentialAction":[{"@type":"SearchAction","target":{"@type":"EntryPoint","urlTemplate":"https:\/\/hummusbar.eu\/?s={search_term_string}"},"query-input":{"@type":"PropertyValueSpecification","valueRequired":true,"valueName":"search_term_string"}}],"inLanguage":"hu"},{"@type":"Organization","@id":"https:\/\/hummusbar.eu\/#organization","name":"hummusbar","url":"https:\/\/hummusbar.eu\/","logo":{"@type":"ImageObject","inLanguage":"hu","@id":"https:\/\/hummusbar.eu\/#\/schema\/logo\/image\/","url":"https:\/\/hummusbar.eu\/wp-content\/uploads\/2021\/03\/hummusbar_logos2.png","contentUrl":"https:\/\/hummusbar.eu\/wp-content\/uploads\/2021\/03\/hummusbar_logos2.png","width":600,"height":600,"caption":"hummusbar"},"image":{"@id":"https:\/\/hummusbar.eu\/#\/schema\/logo\/image\/"},"sameAs":["https:\/\/www.facebook.com\/hummusbarofficial"]}]}},"_links":{"self":[{"href":"https:\/\/hummusbar.eu\/hu\/wp-json\/wp\/v2\/pages\/286","targetHints":{"allow":["GET"]}}],"collection":[{"href":"https:\/\/hummusbar.eu\/hu\/wp-json\/wp\/v2\/pages"}],"about":[{"href":"https:\/\/hummusbar.eu\/hu\/wp-json\/wp\/v2\/types\/page"}],"author":[{"embeddable":true,"href":"https:\/\/hummusbar.eu\/hu\/wp-json\/wp\/v2\/users\/7"}],"replies":[{"embeddable":true,"href":"https:\/\/hummusbar.eu\/hu\/wp-json\/wp\/v2\/comments?post=286"}],"version-history":[{"count":7,"href":"https:\/\/hummusbar.eu\/hu\/wp-json\/wp\/v2\/pages\/286\/revisions"}],"predecessor-version":[{"id":2233,"href":"https:\/\/hummusbar.eu\/hu\/wp-json\/wp\/v2\/pages\/286\/revisions\/2233"}],"wp:attachment":[{"href":"https:\/\/hummusbar.eu\/hu\/wp-json\/wp\/v2\/media?parent=286"}],"curies":[{"name":"wp","href":"https:\/\/api.w.org\/{rel}","templated":true}]}}