{"id":270,"date":"2021-03-22T19:35:38","date_gmt":"2021-03-22T19:35:38","guid":{"rendered":"http:\/\/hummusbar.eu\/homepage\/"},"modified":"2022-11-03T08:17:24","modified_gmt":"2022-11-03T08:17:24","slug":"homepage","status":"publish","type":"page","link":"https:\/\/hummusbar.eu\/hu\/","title":{"rendered":"F\u0151oldal"},"content":{"rendered":"<div id=\"cs-content\" class=\"cs-content\"><\/div>\n","protected":false},"excerpt":{"rendered":"<p>r\u00f3lunk Filoz\u00f3fi\u00e1nkIm\u00e1djuk a hummust. Ezen n\u0151tt\u00fcnk fel, \u00edgy pontosan tudjuk, milyen \u00f6r\u00f6met tud okozni. C\u00e9lunk pedig, hogy mindezt annyi emberrel megosszuk, amennyivel csak tudjuk. De nem r\u00e9gi mint\u00e1kat k\u00f6vetve, \u00fagy mint mindenki m\u00e1s: a hummusbarban saj\u00e1t utunkat k\u00f6vetve alkotunk. K\u00fcldet\u00e9s\u00fcnk, hogy olyan \u00e9telt k\u00e9sz\u00edts\u00fcnk, amit vend\u00e9geink nemcsak szeretnek, de vissza is j\u00e1rnak \u00e9rte. \u0150szinte \u00edzek, h\u00e1zilag k\u00e9sz\u00edtve \u2013 szerint\u00fcnk ez &#8230; <\/p>\n<div><a href=\"https:\/\/hummusbar.eu\/hu\/\" class=\"more-link\">Read More<\/a><\/div>\n","protected":false},"author":7,"featured_media":0,"parent":0,"menu_order":0,"comment_status":"closed","ping_status":"closed","template":"template-blank-4.php","meta":{"content-type":"","_monsterinsights_skip_tracking":false,"_monsterinsights_sitenote_active":false,"_monsterinsights_sitenote_note":"","_monsterinsights_sitenote_category":0,"footnotes":""},"class_list":["post-270","page","type-page","status-publish","hentry","no-post-thumbnail"],"yoast_head":"<!-- This site is optimized with the Yoast SEO plugin v26.9 - https:\/\/yoast.com\/product\/yoast-seo-wordpress\/ -->\n<title>F\u0151oldal - hummusbar<\/title>\n<meta name=\"robots\" content=\"index, follow, max-snippet:-1, max-image-preview:large, max-video-preview:-1\" \/>\n<link rel=\"canonical\" href=\"https:\/\/hummusbar.eu\/hu\/\" \/>\n<meta property=\"og:locale\" content=\"hu_HU\" \/>\n<meta property=\"og:type\" content=\"article\" \/>\n<meta property=\"og:title\" content=\"F\u0151oldal - hummusbar\" \/>\n<meta property=\"og:description\" content=\"r\u00f3lunk Filoz\u00f3fi\u00e1nkIm\u00e1djuk a hummust. Ezen n\u0151tt\u00fcnk fel, \u00edgy pontosan tudjuk, milyen \u00f6r\u00f6met tud okozni. C\u00e9lunk pedig, hogy mindezt annyi emberrel megosszuk, amennyivel csak tudjuk. De nem r\u00e9gi mint\u00e1kat k\u00f6vetve, \u00fagy mint mindenki m\u00e1s: a hummusbarban saj\u00e1t utunkat k\u00f6vetve alkotunk. K\u00fcldet\u00e9s\u00fcnk, hogy olyan \u00e9telt k\u00e9sz\u00edts\u00fcnk, amit vend\u00e9geink nemcsak szeretnek, de vissza is j\u00e1rnak \u00e9rte. \u0150szinte \u00edzek, h\u00e1zilag k\u00e9sz\u00edtve \u2013 szerint\u00fcnk ez ... Read More\" \/>\n<meta property=\"og:url\" content=\"https:\/\/hummusbar.eu\/hu\/\" \/>\n<meta property=\"og:site_name\" content=\"hummusbar\" \/>\n<meta property=\"article:publisher\" content=\"https:\/\/www.facebook.com\/hummusbarofficial\" \/>\n<meta property=\"article:modified_time\" content=\"2022-11-03T08:17:24+00:00\" \/>\n<meta name=\"twitter:card\" content=\"summary_large_image\" \/>\n<meta name=\"twitter:label1\" content=\"Becs\u00fclt olvas\u00e1si id\u0151\" \/>\n\t<meta name=\"twitter:data1\" content=\"3 perc\" \/>\n<script type=\"application\/ld+json\" class=\"yoast-schema-graph\">{\"@context\":\"https:\/\/schema.org\",\"@graph\":[{\"@type\":\"WebPage\",\"@id\":\"https:\/\/hummusbar.eu\/hu\/\",\"url\":\"https:\/\/hummusbar.eu\/hu\/\",\"name\":\"F\u0151oldal - hummusbar\",\"isPartOf\":{\"@id\":\"https:\/\/hummusbar.eu\/#website\"},\"datePublished\":\"2021-03-22T19:35:38+00:00\",\"dateModified\":\"2022-11-03T08:17:24+00:00\",\"breadcrumb\":{\"@id\":\"https:\/\/hummusbar.eu\/hu\/#breadcrumb\"},\"inLanguage\":\"hu\",\"potentialAction\":[{\"@type\":\"ReadAction\",\"target\":[\"https:\/\/hummusbar.eu\/hu\/\"]}]},{\"@type\":\"BreadcrumbList\",\"@id\":\"https:\/\/hummusbar.eu\/hu\/#breadcrumb\",\"itemListElement\":[{\"@type\":\"ListItem\",\"position\":1,\"name\":\"Home\",\"item\":\"https:\/\/hummusbar.eu\/hu\/\"},{\"@type\":\"ListItem\",\"position\":2,\"name\":\"F\u0151oldal\"}]},{\"@type\":\"WebSite\",\"@id\":\"https:\/\/hummusbar.eu\/#website\",\"url\":\"https:\/\/hummusbar.eu\/\",\"name\":\"hummusbar\",\"description\":\"Handmade - heartfelt\",\"publisher\":{\"@id\":\"https:\/\/hummusbar.eu\/#organization\"},\"potentialAction\":[{\"@type\":\"SearchAction\",\"target\":{\"@type\":\"EntryPoint\",\"urlTemplate\":\"https:\/\/hummusbar.eu\/?s={search_term_string}\"},\"query-input\":{\"@type\":\"PropertyValueSpecification\",\"valueRequired\":true,\"valueName\":\"search_term_string\"}}],\"inLanguage\":\"hu\"},{\"@type\":\"Organization\",\"@id\":\"https:\/\/hummusbar.eu\/#organization\",\"name\":\"hummusbar\",\"url\":\"https:\/\/hummusbar.eu\/\",\"logo\":{\"@type\":\"ImageObject\",\"inLanguage\":\"hu\",\"@id\":\"https:\/\/hummusbar.eu\/#\/schema\/logo\/image\/\",\"url\":\"https:\/\/hummusbar.eu\/wp-content\/uploads\/2021\/03\/hummusbar_logos2.png\",\"contentUrl\":\"https:\/\/hummusbar.eu\/wp-content\/uploads\/2021\/03\/hummusbar_logos2.png\",\"width\":600,\"height\":600,\"caption\":\"hummusbar\"},\"image\":{\"@id\":\"https:\/\/hummusbar.eu\/#\/schema\/logo\/image\/\"},\"sameAs\":[\"https:\/\/www.facebook.com\/hummusbarofficial\"]}]}<\/script>\n<!-- \/ Yoast SEO plugin. -->","yoast_head_json":{"title":"F\u0151oldal - hummusbar","robots":{"index":"index","follow":"follow","max-snippet":"max-snippet:-1","max-image-preview":"max-image-preview:large","max-video-preview":"max-video-preview:-1"},"canonical":"https:\/\/hummusbar.eu\/hu\/","og_locale":"hu_HU","og_type":"article","og_title":"F\u0151oldal - hummusbar","og_description":"r\u00f3lunk Filoz\u00f3fi\u00e1nkIm\u00e1djuk a hummust. Ezen n\u0151tt\u00fcnk fel, \u00edgy pontosan tudjuk, milyen \u00f6r\u00f6met tud okozni. C\u00e9lunk pedig, hogy mindezt annyi emberrel megosszuk, amennyivel csak tudjuk. De nem r\u00e9gi mint\u00e1kat k\u00f6vetve, \u00fagy mint mindenki m\u00e1s: a hummusbarban saj\u00e1t utunkat k\u00f6vetve alkotunk. K\u00fcldet\u00e9s\u00fcnk, hogy olyan \u00e9telt k\u00e9sz\u00edts\u00fcnk, amit vend\u00e9geink nemcsak szeretnek, de vissza is j\u00e1rnak \u00e9rte. \u0150szinte \u00edzek, h\u00e1zilag k\u00e9sz\u00edtve \u2013 szerint\u00fcnk ez ... Read More","og_url":"https:\/\/hummusbar.eu\/hu\/","og_site_name":"hummusbar","article_publisher":"https:\/\/www.facebook.com\/hummusbarofficial","article_modified_time":"2022-11-03T08:17:24+00:00","twitter_card":"summary_large_image","twitter_misc":{"Becs\u00fclt olvas\u00e1si id\u0151":"3 perc"},"schema":{"@context":"https:\/\/schema.org","@graph":[{"@type":"WebPage","@id":"https:\/\/hummusbar.eu\/hu\/","url":"https:\/\/hummusbar.eu\/hu\/","name":"F\u0151oldal - hummusbar","isPartOf":{"@id":"https:\/\/hummusbar.eu\/#website"},"datePublished":"2021-03-22T19:35:38+00:00","dateModified":"2022-11-03T08:17:24+00:00","breadcrumb":{"@id":"https:\/\/hummusbar.eu\/hu\/#breadcrumb"},"inLanguage":"hu","potentialAction":[{"@type":"ReadAction","target":["https:\/\/hummusbar.eu\/hu\/"]}]},{"@type":"BreadcrumbList","@id":"https:\/\/hummusbar.eu\/hu\/#breadcrumb","itemListElement":[{"@type":"ListItem","position":1,"name":"Home","item":"https:\/\/hummusbar.eu\/hu\/"},{"@type":"ListItem","position":2,"name":"F\u0151oldal"}]},{"@type":"WebSite","@id":"https:\/\/hummusbar.eu\/#website","url":"https:\/\/hummusbar.eu\/","name":"hummusbar","description":"Handmade - heartfelt","publisher":{"@id":"https:\/\/hummusbar.eu\/#organization"},"potentialAction":[{"@type":"SearchAction","target":{"@type":"EntryPoint","urlTemplate":"https:\/\/hummusbar.eu\/?s={search_term_string}"},"query-input":{"@type":"PropertyValueSpecification","valueRequired":true,"valueName":"search_term_string"}}],"inLanguage":"hu"},{"@type":"Organization","@id":"https:\/\/hummusbar.eu\/#organization","name":"hummusbar","url":"https:\/\/hummusbar.eu\/","logo":{"@type":"ImageObject","inLanguage":"hu","@id":"https:\/\/hummusbar.eu\/#\/schema\/logo\/image\/","url":"https:\/\/hummusbar.eu\/wp-content\/uploads\/2021\/03\/hummusbar_logos2.png","contentUrl":"https:\/\/hummusbar.eu\/wp-content\/uploads\/2021\/03\/hummusbar_logos2.png","width":600,"height":600,"caption":"hummusbar"},"image":{"@id":"https:\/\/hummusbar.eu\/#\/schema\/logo\/image\/"},"sameAs":["https:\/\/www.facebook.com\/hummusbarofficial"]}]}},"_links":{"self":[{"href":"https:\/\/hummusbar.eu\/hu\/wp-json\/wp\/v2\/pages\/270","targetHints":{"allow":["GET"]}}],"collection":[{"href":"https:\/\/hummusbar.eu\/hu\/wp-json\/wp\/v2\/pages"}],"about":[{"href":"https:\/\/hummusbar.eu\/hu\/wp-json\/wp\/v2\/types\/page"}],"author":[{"embeddable":true,"href":"https:\/\/hummusbar.eu\/hu\/wp-json\/wp\/v2\/users\/7"}],"replies":[{"embeddable":true,"href":"https:\/\/hummusbar.eu\/hu\/wp-json\/wp\/v2\/comments?post=270"}],"version-history":[{"count":20,"href":"https:\/\/hummusbar.eu\/hu\/wp-json\/wp\/v2\/pages\/270\/revisions"}],"predecessor-version":[{"id":834,"href":"https:\/\/hummusbar.eu\/hu\/wp-json\/wp\/v2\/pages\/270\/revisions\/834"}],"wp:attachment":[{"href":"https:\/\/hummusbar.eu\/hu\/wp-json\/wp\/v2\/media?parent=270"}],"curies":[{"name":"wp","href":"https:\/\/api.w.org\/{rel}","templated":true}]}}